{"id":4775,"date":"2016-07-08T09:40:22","date_gmt":"2016-07-08T09:40:22","guid":{"rendered":"https:\/\/www.monpetitgava.org\/ca\/?page_id=4775"},"modified":"2025-11-14T10:33:50","modified_gmt":"2025-11-14T09:33:50","slug":"mon-petit-gava","status":"publish","type":"page","link":"https:\/\/www.monpetitgava.org\/ca\/","title":{"rendered":"Mon Petit Gav\u00e0"},"content":{"rendered":"<section class=\"wpb-content-wrapper\"><p>[vc_row][vc_column][vc_single_image image=&#8221;2885&#8243; img_size=&#8221;full&#8221; alignment=&#8221;center&#8221;][vc_empty_space height=&#8221;80px&#8221;][\/vc_column][\/vc_row][vc_row css=&#8221;.vc_custom_1422786156172{margin-top: 0px !important;margin-bottom: 60px !important;}&#8221; idsection=&#8221;home_focus&#8221;][vc_column css=&#8221;.vc_custom_1422569968990{margin-top: -45px !important;}&#8221; el_class=&#8221;nicdark_upper_level1&#8243;][vc_row_inner idsection=&#8221;home_focus_inner&#8221;][vc_column_inner width=&#8221;1\/4&#8243; css=&#8221;.vc_custom_1421748127192{padding: 0px !important;}&#8221;]\n\n    <div class=\"nicdark_radius_left nicdark_textevidence nicdark_bg_blue nicdark_shadow center\">\n        <div class=\"nicdark_margin30\">\n            <h2 class=\"white subtitle\"><a target=\"\" href=\"\/ca\/metode-montessori\/\" class=\"white\">MONTESSORI<\/a><\/h2>\n       <\/div>\n        <i class=\"nicdark_zoom  nicdark_iconbg left extrabig blue nicdark_displaynone_ipadland nicdark_displaynone_ipadpotr\"><\/i>\n    <\/div>\n      \n   [\/vc_column_inner][vc_column_inner width=&#8221;1\/4&#8243;]\n\n    <div class=\"nicdark_radius_left nicdark_textevidence nicdark_bg_yellow nicdark_shadow center\">\n        <div class=\"nicdark_margin30\">\n            <h2 class=\"white subtitle\"><a target=\"\" href=\"\/ca\/entorn-educatiu\/\" class=\"white\">ESPAIS<\/a><\/h2>\n       <\/div>\n        <i class=\"nicdark_zoom  nicdark_iconbg left extrabig yellow nicdark_displaynone_ipadland nicdark_displaynone_ipadpotr\"><\/i>\n    <\/div>\n      \n   [\/vc_column_inner][vc_column_inner width=&#8221;1\/4&#8243;]\n\n    <div class=\"nicdark_radius_left nicdark_textevidence nicdark_bg_violet nicdark_shadow center\">\n        <div class=\"nicdark_margin30\">\n            <h2 class=\"white subtitle\"><a target=\"\" href=\"\/ca\/inspiracio\/\" class=\"white\">INSPIRACI\u00d3<\/a><\/h2>\n       <\/div>\n        <i class=\"nicdark_zoom  nicdark_iconbg left extrabig violet nicdark_displaynone_ipadland nicdark_displaynone_ipadpotr\"><\/i>\n    <\/div>\n      \n   [\/vc_column_inner][vc_column_inner width=&#8221;1\/4&#8243;]\n\n    <div class=\"nicdark_radius_left nicdark_textevidence nicdark_bg_green nicdark_shadow center\">\n        <div class=\"nicdark_margin30\">\n            <h2 class=\"white subtitle\"><a target=\"\" href=\"\/ca\/contacte\/\" class=\"white\">CONTACTE<\/a><\/h2>\n       <\/div>\n        <i class=\"nicdark_zoom  nicdark_iconbg left extrabig green nicdark_displaynone_ipadland nicdark_displaynone_ipadpotr\"><\/i>\n    <\/div>\n      \n   [\/vc_column_inner][\/vc_row_inner][\/vc_column][\/vc_row][vc_row css=&#8221;.vc_custom_1422888793344{margin-top: 0px !important;margin-bottom: 10px !important;}&#8221; idsection=&#8221;home_activities_title&#8221;][vc_column]<h1 style=\"color:#2b6f9a;\" class=\" subtitle center\">Escola bressol a Gav\u00e0 | Escola Montessori<\/h1>[vc_empty_space height=&#8221;20px&#8221;]<h2 style=\"color:#a4a4a4;\" class=\" subtitle center\">La millor educaci\u00f3 infantil per als teus fills<\/h2>[vc_empty_space height=&#8221;20px&#8221;]<div class=\"nicdark_divider  center big \"><span style=\"background-color:#edbf47;\" class=\"nicdark_radius\"><\/span><\/div>[vc_empty_space height=&#8221;20px&#8221;][vc_wp_text]<span id=\"result_box\" class=\"\" lang=\"ca\">A la nostra llar d&#8217;infants treballem dia a dia per donar-li als m\u00e9s petits l&#8217;oportunitat de desenvolupar-se en el millor dels entorns. La nostra metodologia d&#8217;educaci\u00f3 es basa en l&#8217;aplicaci\u00f3 del <a href=\"https:\/\/www.monpetitgava.org\/ca\/metode-montessori\/\">m\u00e8tode Montessori<\/a> per a nens d&#8217;entre 0 i 6 anys.<\/span><\/p>\n<p>Aquesta metodologia aplicada <span class=\"\">a la nostra escola<\/span> infantil, es caracteritza per proveir als m\u00e9s petits un <span class=\"\">ambient ideal<\/span> per a la seva educaci\u00f3. Generem un entorn ordenat<span class=\"\">, est\u00e8tic<\/span><span class=\"\">, simple<\/span>, real<span class=\"\">, on cada<\/span> <span class=\"\">element<\/span> t\u00e9 la seva ra\u00f3 de ser en aquesta <span class=\"\">etapa de desenvolupament<\/span> <span class=\"\">dels nens i nenas.<\/span>[\/vc_wp_text][\/vc_column][\/vc_row][vc_row][vc_column width=&#8221;1\/4&#8243;][vc_single_image image=&#8221;2740&#8243;][\/vc_column][vc_column width=&#8221;3\/4&#8243;]<h3 style=\"color:;\" class=\" title \">Educaci\u00f3 per agitar la vida<\/h3><div class=\"nicdark_divider  left big \"><span style=\"background-color:#edbf47;\" class=\"nicdark_radius\"><\/span><\/div>[vc_empty_space height=&#8221;20px&#8221;][vc_wp_text]<span id=\"result_box\" class=\"\" lang=\"ca\">Creiem que la primera tasca de l&#8217;educaci\u00f3, com deia Maria Montessori, es basa en agitar la vida per\u00f2 deixant-la lliure perqu\u00e8 es desenvolupi.<\/span><\/p>\n<p><span class=\"\">Per aix\u00f2<\/span>, a la nostra llar d&#8217;infants ens vam marcar com a objectiu en la nostra tasca <span class=\"\">com a formadors<\/span><span class=\"\">, aplicar<\/span> <span class=\"\">aquesta pauta.<\/span> Tractem de despertar l&#8217;inter\u00e8s pel coneixement en els nens, obrint <span class=\"\">la porta a<\/span> noves fonts d&#8217;aprenentatge, perqu\u00e8 siguin ells qui les <span class=\"\">investiguin<\/span>.[\/vc_wp_text][\/vc_column][\/vc_row][vc_row][vc_column][vc_empty_space height=&#8221;20px&#8221;][\/vc_column][\/vc_row][vc_row][vc_column width=&#8221;2\/3&#8243;]<h3 style=\"color:;\" class=\"  \">Ensenyament en harmonia amb l'entorn<\/h3><div class=\"nicdark_divider  left big \"><span style=\"background-color:#edbf47;\" class=\"nicdark_radius\"><\/span><\/div>[vc_empty_space height=&#8221;20px&#8221;][vc_wp_text]<span id=\"result_box\" class=\"\" lang=\"ca\"><span class=\"\">El desenvolupament<\/span> de l&#8217;educaci\u00f3 dels nens, sota el nostre punt de vista <span class=\"\">mai ha d&#8217;estar<\/span> <span class=\"\">a\u00efllat<\/span> del seu entorn. Els processos d&#8217;ensenyament en els primers <span class=\"\">anys de vida<\/span> <span class=\"\">han d&#8217;anar<\/span> de la m\u00e0 del coneixement de tot all\u00f2 que els envolta.<\/span><\/p>\n<p>Per als m\u00e9s petits, molts elements del m\u00f3n que els envolta s\u00f3n nous. Con\u00e8ixer aquestes noves facetes de la vida al mateix temps que aprenen, els ajudar\u00e0 a formar-se de una manera molt m\u00e9s enriquidora.[\/vc_wp_text][\/vc_column][vc_column width=&#8221;1\/3&#8243;][vc_single_image image=&#8221;4777&#8243; img_size=&#8221;thumnail&#8221; alignment=&#8221;center&#8221;][\/vc_column][\/vc_row][vc_row][vc_column][rev_slider_vc alias=&#8221;inicio&#8221;][\/vc_column][\/vc_row][vc_row][vc_column][vc_empty_space height=&#8221;50px&#8221;][\/vc_column][\/vc_row][vc_row][vc_column width=&#8221;1\/4&#8243;][vc_single_image image=&#8221;2759&#8243;][\/vc_column][vc_column width=&#8221;3\/4&#8243;]<h3 style=\"color:;\" class=\"  \">Creativitat com a pilar educatiu<\/h3><div class=\"nicdark_divider  left big \"><span style=\"background-color:#edbf47;\" class=\"nicdark_radius\"><\/span><\/div>[vc_empty_space height=&#8221;20px&#8221;][vc_wp_text]<span id=\"result_box\" class=\"\" lang=\"ca\"><span class=\"\">Sovint<\/span> solem pensar que els nens necessiten de molts elements al seu voltant, <span class=\"\">que els ajudin<\/span> <span class=\"\">a despertar la seva<\/span> creativitat. No obstant aix\u00f2, es sol produir en la majoria dels <span class=\"\">casos l&#8217;efecte<\/span> <span class=\"\">contrari.<\/span> A M\u00f3n Petit Gav\u00e0, creiem que la millor manera de despertar l&#8217;esperit creatiu en els nens, \u00e9s envoltant-i acostumant-los a la bellesa, l&#8217;ordre i la senzillesa.<\/span>[\/vc_wp_text][\/vc_column][\/vc_row][vc_row][vc_column][vc_empty_space height=&#8221;20px&#8221;][\/vc_column][\/vc_row][vc_row][vc_column width=&#8221;2\/3&#8243;]<h3 style=\"color:;\" class=\"  \">Materials educatius adaptats<\/h3><div class=\"nicdark_divider  left big \"><span style=\"background-color:#edbf47;\" class=\"nicdark_radius\"><\/span><\/div>[vc_empty_space height=&#8221;20px&#8221;][vc_wp_text]<span id=\"result_box\" class=\"\" lang=\"ca\">Tots els nostres espais i materials, estan adaptats per a potenciar els per\u00edodes sensitius dels nens. Comptem amb materials espec\u00edfics i <strong>joguines Montessori<\/strong>, que integrem en la nostra proposta educativa. Els nens podran tenir a la seva disposici\u00f3 tots aquests materials, creats especialment per a fomentar el seu aprenentatge i <span class=\"\">desenvolupament mental.<\/span> Preparem per a la vida als nens, tamb\u00e9 a trav\u00e9s <span class=\"\">del joc.<\/span><\/span>[\/vc_wp_text][\/vc_column][vc_column width=&#8221;1\/3&#8243;][vc_single_image image=&#8221;2769&#8243; alignment=&#8221;center&#8221;][\/vc_column][\/vc_row][vc_row][vc_column][vc_single_image image=&#8221;2754&#8243; img_size=&#8221;full&#8221;][\/vc_column][\/vc_row][vc_row imgparallax=&#8221;yes&#8221; srcparallax=&#8221;2615&#8243; idparallax=&#8221;button_parall&#8221;][vc_column][vc_row_inner css=&#8221;.vc_custom_1422786348044{padding-top: 70px !important;padding-bottom: 90px !important;}&#8221; idsection=&#8221;home_buttons&#8221;][vc_column_inner el_class=&#8221;nicdark_center&#8221;][vc_btn title=&#8221;Contacta amb la nostra escola bressol&#8221; style=&#8221;classic&#8221; color=&#8221;blue&#8221; align=&#8221;center&#8221; i_icon_fontawesome=&#8221;fa fa-pencil&#8221; add_icon=&#8221;true&#8221; link=&#8221;url:%2Fca%2Fcontacte%2F||&#8221;][\/vc_column_inner][\/vc_row_inner][\/vc_column][\/vc_row][vc_row][vc_column][vc_empty_space][\/vc_column][\/vc_row][vc_row][vc_column]<h3 style=\"color:;\" class=\"  center\">DARRERS ARTICLES DE M\u00d3N PETIT GAV\u00c0<\/h3>[vc_empty_space height=&#8221;20px&#8221;]<div class=\"nicdark_divider  center big \"><span style=\"background-color:#edbf47;\" class=\"nicdark_radius\"><\/span><\/div>[\/vc_column][\/vc_row][vc_row css=&#8221;.vc_custom_1422790416262{margin-top: 50px !important;margin-bottom: 60px !important;}&#8221; idsection=&#8221;home_news_button&#8221;][vc_column el_class=&#8221;nicdark_center&#8221;][vc_btn title=&#8221;VEURE MES&#8221; style=&#8221;classic&#8221; color=&#8221;blue&#8221; align=&#8221;center&#8221; i_icon_fontawesome=&#8221;fa fa-th&#8221; add_icon=&#8221;true&#8221; link=&#8221;url:%2Fca%2Fblog%2F||&#8221;]<div class=\"nicdark_masonry_container 0\">\n\n\t\t<div style=\"box-sizing:border-box;\" class=\"grid grid_3 percentage nicdark_padding10 nicdark_masonry_item  videos-montessori \">\n\t\t\t\n\n\t\t\t\t<div class=\"nicdark_archive1 nicdark_bg_orange nicdark_radius nicdark_shadow\">  \n\n\t\t\t\t\t<a href=\"https:\/\/www.monpetitgava.org\/ca\/que-es-la-pedagogia-montessori\/\" class=\"nicdark_zoom nicdark_btn_icon nicdark_bg_orange nicdark_border_orangedark white medium nicdark_radius_circle nicdark_absolute_left\"><i class=\"icon-link-outline\"><\/i><\/a><div class=\"nicdark_featured_image\"><img decoding=\"async\" alt=\"\" src=\"https:\/\/www.monpetitgava.org\/wp-content\/uploads\/2016\/04\/Captura-de-pantalla-2016-07-11-a-las-14.03.21.png\"><\/div>\n\t\t\t\t\t                    \n                    <div class=\"nicdark_margin20 nicdark_post_archive\">\n                        <h4 class=\"white\">Per qu\u00e8 Montessori?<\/h4>\n                        <div class=\"nicdark_space20\"><\/div>\n                        <div class=\"nicdark_divider left small\"><span class=\"nicdark_bg_white nicdark_radius\"><\/span><\/div>\n                        <div class=\"nicdark_space20\"><\/div>\n                        <p class=\"white\"><\/p>\n                        <div class=\"nicdark_space20\"><\/div>\n                        <a href=\"https:\/\/www.monpetitgava.org\/ca\/que-es-la-pedagogia-montessori\/\" class=\"white nicdark_btn\"><i class=\"icon-doc-text-1 \"><\/i>Llegir m\u00e9s<\/a>                        \n                    <\/div>\n\n                    <i class=\"icon-pencil-1 nicdark_iconbg right medium orange\"><\/i>\n\n                <\/div>\n\n\t\t\t\n\t\t<\/div>\n\n      \n\n\t\t<div style=\"box-sizing:border-box;\" class=\"grid grid_3 percentage nicdark_padding10 nicdark_masonry_item  videos-montessori \">\n\t\t\t\n\n\t\t\t\t<div class=\"nicdark_archive1 nicdark_bg_orange nicdark_radius nicdark_shadow\">  \n\n\t\t\t\t\t\n\t\t\t\t\t                    \n                    <div class=\"nicdark_margin20 nicdark_post_archive\">\n                        <h4 class=\"white\">Pedagogia Montessori: Documental Pink Tower<\/h4>\n                        <div class=\"nicdark_space20\"><\/div>\n                        <div class=\"nicdark_divider left small\"><span class=\"nicdark_bg_white nicdark_radius\"><\/span><\/div>\n                        <div class=\"nicdark_space20\"><\/div>\n                        <p class=\"white\"><\/p>\n                        <div class=\"nicdark_space20\"><\/div>\n                        <a href=\"https:\/\/www.monpetitgava.org\/ca\/pedagogia-montessori-documental-pink-tower\/\" class=\"white nicdark_btn\"><i class=\"icon-doc-text-1 \"><\/i>Llegir m\u00e9s<\/a>                        \n                    <\/div>\n\n                    <i class=\"icon-pencil-1 nicdark_iconbg right medium orange\"><\/i>\n\n                <\/div>\n\n\t\t\t\n\t\t<\/div>\n\n      \n\n\t\t<div style=\"box-sizing:border-box;\" class=\"grid grid_3 percentage nicdark_padding10 nicdark_masonry_item  videos-montessori \">\n\t\t\t\n\n\t\t\t\t<div class=\"nicdark_archive1 nicdark_bg_orange nicdark_radius nicdark_shadow\">  \n\n\t\t\t\t\t<a href=\"https:\/\/www.monpetitgava.org\/ca\/un-mati-a-un-aula-montessori\/\" class=\"nicdark_zoom nicdark_btn_icon nicdark_bg_orange nicdark_border_orangedark white medium nicdark_radius_circle nicdark_absolute_left\"><i class=\"icon-link-outline\"><\/i><\/a><div class=\"nicdark_featured_image\"><img decoding=\"async\" alt=\"\" src=\"https:\/\/www.monpetitgava.org\/wp-content\/uploads\/2016\/04\/Captura-de-pantalla-2016-07-11-a-las-13.50.49.png\"><\/div>\n\t\t\t\t\t                    \n                    <div class=\"nicdark_margin20 nicdark_post_archive\">\n                        <h4 class=\"white\">Un mat\u00ed a un aula Montessori<\/h4>\n                        <div class=\"nicdark_space20\"><\/div>\n                        <div class=\"nicdark_divider left small\"><span class=\"nicdark_bg_white nicdark_radius\"><\/span><\/div>\n                        <div class=\"nicdark_space20\"><\/div>\n                        <p class=\"white\"><\/p>\n                        <div class=\"nicdark_space20\"><\/div>\n                        <a href=\"https:\/\/www.monpetitgava.org\/ca\/un-mati-a-un-aula-montessori\/\" class=\"white nicdark_btn\"><i class=\"icon-doc-text-1 \"><\/i>Llegir m\u00e9s<\/a>                        \n                    <\/div>\n\n                    <i class=\"icon-pencil-1 nicdark_iconbg right medium orange\"><\/i>\n\n                <\/div>\n\n\t\t\t\n\t\t<\/div>\n\n      \n\n\t\t<div style=\"box-sizing:border-box;\" class=\"grid grid_3 percentage nicdark_padding10 nicdark_masonry_item  videos-montessori \">\n\t\t\t\n\n\t\t\t\t<div class=\"nicdark_archive1 nicdark_bg_orange nicdark_radius nicdark_shadow\">  \n\n\t\t\t\t\t<a href=\"https:\/\/www.monpetitgava.org\/ca\/el-mestre-es-el-nen\/\" class=\"nicdark_zoom nicdark_btn_icon nicdark_bg_orange nicdark_border_orangedark white medium nicdark_radius_circle nicdark_absolute_left\"><i class=\"icon-link-outline\"><\/i><\/a><div class=\"nicdark_featured_image\"><img decoding=\"async\" alt=\"\" src=\"https:\/\/www.monpetitgava.org\/wp-content\/uploads\/2016\/04\/Captura-de-pantalla-2016-07-11-a-las-14.00.10.png\"><\/div>\n\t\t\t\t\t                    \n                    <div class=\"nicdark_margin20 nicdark_post_archive\">\n                        <h4 class=\"white\">El mestre \u00e9s el nen<\/h4>\n                        <div class=\"nicdark_space20\"><\/div>\n                        <div class=\"nicdark_divider left small\"><span class=\"nicdark_bg_white nicdark_radius\"><\/span><\/div>\n                        <div class=\"nicdark_space20\"><\/div>\n                        <p class=\"white\"><\/p>\n                        <div class=\"nicdark_space20\"><\/div>\n                        <a href=\"https:\/\/www.monpetitgava.org\/ca\/el-mestre-es-el-nen\/\" class=\"white nicdark_btn\"><i class=\"icon-doc-text-1 \"><\/i>Llegir m\u00e9s<\/a>                        \n                    <\/div>\n\n                    <i class=\"icon-pencil-1 nicdark_iconbg right medium orange\"><\/i>\n\n                <\/div>\n\n\t\t\t\n\t\t<\/div>\n\n      <\/div>[\/vc_column][\/vc_row]<\/p>\n<\/section>","protected":false},"excerpt":{"rendered":"<p>[vc_row][vc_column][vc_single_image image=&#8221;2885&#8243; img_size=&#8221;full&#8221; alignment=&#8221;center&#8221;][vc_empty_space height=&#8221;80px&#8221;][\/vc_column][\/vc_row][vc_row css=&#8221;.vc_custom_1422786156172{margin-top: 0px !important;margin-bottom: 60px !important;}&#8221; idsection=&#8221;home_focus&#8221;][vc_column css=&#8221;.vc_custom_1422569968990{margin-top: -45px !important;}&#8221; el_class=&#8221;nicdark_upper_level1&#8243;][vc_row_inner idsection=&#8221;home_focus_inner&#8221;][vc_column_inner width=&#8221;1\/4&#8243; css=&#8221;.vc_custom_1421748127192{padding: 0px !important;}&#8221;][\/vc_column_inner][vc_column_inner width=&#8221;1\/4&#8243;][\/vc_column_inner][vc_column_inner width=&#8221;1\/4&#8243;][\/vc_column_inner][vc_column_inner width=&#8221;1\/4&#8243;][\/vc_column_inner][\/vc_row_inner][\/vc_column][\/vc_row][vc_row css=&#8221;.vc_custom_1422888793344{margin-top: 0px !important;margin-bottom: 10px !important;}&#8221; idsection=&#8221;home_activities_title&#8221;][vc_column][vc_empty_space height=&#8221;20px&#8221;][vc_empty_space height=&#8221;20px&#8221;][vc_empty_space height=&#8221;20px&#8221;][vc_wp_text]A la nostra llar d&#8217;infants treballem dia a dia per donar-li als m\u00e9s petits l&#8217;oportunitat de desenvolupar-se en el millor dels entorns. La nostra &#8230;<\/p>\n","protected":false},"author":1,"featured_media":0,"parent":0,"menu_order":0,"comment_status":"open","ping_status":"open","template":"","meta":{"footnotes":""},"class_list":["post-4775","page","type-page","status-publish","hentry"],"yoast_head":"<!-- This site is optimized with the Yoast SEO plugin v27.3 - https:\/\/yoast.com\/product\/yoast-seo-wordpress\/ -->\n<title>Escola bressol a Gav\u00e0 | Mon Petit Gav\u00e0, escola Montessori<\/title>\n<meta name=\"description\" content=\"Escola bressol a Gav\u00e0. La millor educaci\u00f3 infantil per als teus fills al nostre centre Mon Petit Gav\u00e0.Treballem seguint el m\u00e8tode montessori\" \/>\n<meta name=\"robots\" content=\"index, follow, max-snippet:-1, max-image-preview:large, max-video-preview:-1\" \/>\n<link rel=\"canonical\" href=\"https:\/\/www.monpetitgava.org\/ca\/\" \/>\n<meta property=\"og:locale\" content=\"ca_ES\" \/>\n<meta property=\"og:type\" content=\"article\" \/>\n<meta property=\"og:title\" content=\"Escola bressol a Gav\u00e0 | Mon Petit Gav\u00e0, escola Montessori\" \/>\n<meta property=\"og:description\" content=\"Escola bressol a Gav\u00e0. La millor educaci\u00f3 infantil per als teus fills al nostre centre Mon Petit Gav\u00e0.Treballem seguint el m\u00e8tode montessori\" \/>\n<meta property=\"og:url\" content=\"https:\/\/www.monpetitgava.org\/ca\/\" \/>\n<meta property=\"og:site_name\" content=\"Guarder\u00eda Gav\u00e1 | M\u00f3n Petit\" \/>\n<meta property=\"article:modified_time\" content=\"2025-11-14T09:33:50+00:00\" \/>\n<meta name=\"twitter:card\" content=\"summary_large_image\" \/>\n<meta name=\"twitter:label1\" content=\"Temps estimat de lectura\" \/>\n\t<meta name=\"twitter:data1\" content=\"5 minuts\" \/>\n<script type=\"application\/ld+json\" class=\"yoast-schema-graph\">{\"@context\":\"https:\\\/\\\/schema.org\",\"@graph\":[{\"@type\":\"WebPage\",\"@id\":\"https:\\\/\\\/www.monpetitgava.org\\\/ca\\\/\",\"url\":\"https:\\\/\\\/www.monpetitgava.org\\\/ca\\\/\",\"name\":\"Escola bressol a Gav\u00e0 | Mon Petit Gav\u00e0, escola Montessori\",\"isPartOf\":{\"@id\":\"https:\\\/\\\/www.monpetitgava.org\\\/#website\"},\"datePublished\":\"2016-07-08T09:40:22+00:00\",\"dateModified\":\"2025-11-14T09:33:50+00:00\",\"description\":\"Escola bressol a Gav\u00e0. La millor educaci\u00f3 infantil per als teus fills al nostre centre Mon Petit Gav\u00e0.Treballem seguint el m\u00e8tode montessori\",\"breadcrumb\":{\"@id\":\"https:\\\/\\\/www.monpetitgava.org\\\/ca\\\/#breadcrumb\"},\"inLanguage\":\"ca\",\"potentialAction\":[{\"@type\":\"ReadAction\",\"target\":[\"https:\\\/\\\/www.monpetitgava.org\\\/ca\\\/\"]}]},{\"@type\":\"BreadcrumbList\",\"@id\":\"https:\\\/\\\/www.monpetitgava.org\\\/ca\\\/#breadcrumb\",\"itemListElement\":[{\"@type\":\"ListItem\",\"position\":1,\"name\":\"Portada\",\"item\":\"https:\\\/\\\/www.monpetitgava.org\\\/ca\\\/\"},{\"@type\":\"ListItem\",\"position\":2,\"name\":\"Mon Petit Gav\u00e0\"}]},{\"@type\":\"WebSite\",\"@id\":\"https:\\\/\\\/www.monpetitgava.org\\\/#website\",\"url\":\"https:\\\/\\\/www.monpetitgava.org\\\/\",\"name\":\"Guarder\u00eda Gav\u00e1 | M\u00f3n Petit\",\"description\":\"Guarder\u00eda Montessori\",\"potentialAction\":[{\"@type\":\"SearchAction\",\"target\":{\"@type\":\"EntryPoint\",\"urlTemplate\":\"https:\\\/\\\/www.monpetitgava.org\\\/?s={search_term_string}\"},\"query-input\":{\"@type\":\"PropertyValueSpecification\",\"valueRequired\":true,\"valueName\":\"search_term_string\"}}],\"inLanguage\":\"ca\"}]}<\/script>\n<!-- \/ Yoast SEO plugin. -->","yoast_head_json":{"title":"Escola bressol a Gav\u00e0 | Mon Petit Gav\u00e0, escola Montessori","description":"Escola bressol a Gav\u00e0. La millor educaci\u00f3 infantil per als teus fills al nostre centre Mon Petit Gav\u00e0.Treballem seguint el m\u00e8tode montessori","robots":{"index":"index","follow":"follow","max-snippet":"max-snippet:-1","max-image-preview":"max-image-preview:large","max-video-preview":"max-video-preview:-1"},"canonical":"https:\/\/www.monpetitgava.org\/ca\/","og_locale":"ca_ES","og_type":"article","og_title":"Escola bressol a Gav\u00e0 | Mon Petit Gav\u00e0, escola Montessori","og_description":"Escola bressol a Gav\u00e0. La millor educaci\u00f3 infantil per als teus fills al nostre centre Mon Petit Gav\u00e0.Treballem seguint el m\u00e8tode montessori","og_url":"https:\/\/www.monpetitgava.org\/ca\/","og_site_name":"Guarder\u00eda Gav\u00e1 | M\u00f3n Petit","article_modified_time":"2025-11-14T09:33:50+00:00","twitter_card":"summary_large_image","twitter_misc":{"Temps estimat de lectura":"5 minuts"},"schema":{"@context":"https:\/\/schema.org","@graph":[{"@type":"WebPage","@id":"https:\/\/www.monpetitgava.org\/ca\/","url":"https:\/\/www.monpetitgava.org\/ca\/","name":"Escola bressol a Gav\u00e0 | Mon Petit Gav\u00e0, escola Montessori","isPartOf":{"@id":"https:\/\/www.monpetitgava.org\/#website"},"datePublished":"2016-07-08T09:40:22+00:00","dateModified":"2025-11-14T09:33:50+00:00","description":"Escola bressol a Gav\u00e0. La millor educaci\u00f3 infantil per als teus fills al nostre centre Mon Petit Gav\u00e0.Treballem seguint el m\u00e8tode montessori","breadcrumb":{"@id":"https:\/\/www.monpetitgava.org\/ca\/#breadcrumb"},"inLanguage":"ca","potentialAction":[{"@type":"ReadAction","target":["https:\/\/www.monpetitgava.org\/ca\/"]}]},{"@type":"BreadcrumbList","@id":"https:\/\/www.monpetitgava.org\/ca\/#breadcrumb","itemListElement":[{"@type":"ListItem","position":1,"name":"Portada","item":"https:\/\/www.monpetitgava.org\/ca\/"},{"@type":"ListItem","position":2,"name":"Mon Petit Gav\u00e0"}]},{"@type":"WebSite","@id":"https:\/\/www.monpetitgava.org\/#website","url":"https:\/\/www.monpetitgava.org\/","name":"Guarder\u00eda Gav\u00e1 | M\u00f3n Petit","description":"Guarder\u00eda Montessori","potentialAction":[{"@type":"SearchAction","target":{"@type":"EntryPoint","urlTemplate":"https:\/\/www.monpetitgava.org\/?s={search_term_string}"},"query-input":{"@type":"PropertyValueSpecification","valueRequired":true,"valueName":"search_term_string"}}],"inLanguage":"ca"}]}},"_links":{"self":[{"href":"https:\/\/www.monpetitgava.org\/ca\/wp-json\/wp\/v2\/pages\/4775","targetHints":{"allow":["GET"]}}],"collection":[{"href":"https:\/\/www.monpetitgava.org\/ca\/wp-json\/wp\/v2\/pages"}],"about":[{"href":"https:\/\/www.monpetitgava.org\/ca\/wp-json\/wp\/v2\/types\/page"}],"author":[{"embeddable":true,"href":"https:\/\/www.monpetitgava.org\/ca\/wp-json\/wp\/v2\/users\/1"}],"replies":[{"embeddable":true,"href":"https:\/\/www.monpetitgava.org\/ca\/wp-json\/wp\/v2\/comments?post=4775"}],"version-history":[{"count":1,"href":"https:\/\/www.monpetitgava.org\/ca\/wp-json\/wp\/v2\/pages\/4775\/revisions"}],"predecessor-version":[{"id":5917,"href":"https:\/\/www.monpetitgava.org\/ca\/wp-json\/wp\/v2\/pages\/4775\/revisions\/5917"}],"wp:attachment":[{"href":"https:\/\/www.monpetitgava.org\/ca\/wp-json\/wp\/v2\/media?parent=4775"}],"curies":[{"name":"wp","href":"https:\/\/api.w.org\/{rel}","templated":true}]}}